{"id":3837,"date":"2021-10-27T12:10:19","date_gmt":"2021-10-27T10:10:19","guid":{"rendered":"https:\/\/travesiarestauracion.com\/aviso-legal\/"},"modified":"2023-08-06T19:25:28","modified_gmt":"2023-08-06T17:25:28","slug":"aviso-legal","status":"publish","type":"page","link":"https:\/\/travesiarestauracion.com\/en\/aviso-legal\/","title":{"rendered":"Aviso Legal"},"content":{"rendered":"\t\t<div data-elementor-type=\"wp-page\" data-elementor-id=\"3837\" class=\"elementor elementor-3837\" data-elementor-settings=\"[]\">\n\t\t\t\t\t\t<div class=\"elementor-inner\">\n\t\t\t\t\t\t\t<div class=\"elementor-section-wrap\">\n\t\t\t\t\t\t\t<section class=\"elementor-section elementor-top-section elementor-element elementor-element-978e59c elementor-section-boxed elementor-section-height-default elementor-section-height-default\" data-id=\"978e59c\" data-element_type=\"section\">\n\t\t\t\t\t\t<div class=\"elementor-container elementor-column-gap-default\">\n\t\t\t\t\t\t\t<div class=\"elementor-row\">\n\t\t\t\t\t<div class=\"elementor-column elementor-col-100 elementor-top-column elementor-element elementor-element-13c71214\" data-id=\"13c71214\" data-element_type=\"column\">\n\t\t\t<div class=\"elementor-column-wrap elementor-element-populated\">\n\t\t\t\t\t\t\t<div class=\"elementor-widget-wrap\">\n\t\t\t\t\t\t<div class=\"elementor-element elementor-element-5bd999ad elementor-widget elementor-widget-image\" data-id=\"5bd999ad\" data-element_type=\"widget\" data-widget_type=\"image.default\">\n\t\t\t\t<div class=\"elementor-widget-container\">\n\t\t\t\t\t\t\t\t<div class=\"elementor-image\">\n\t\t\t\t\t\t\t\t\t\t\t\t<img loading=\"lazy\" decoding=\"async\" width=\"1024\" height=\"1024\" src=\"https:\/\/travesiarestauracion.com\/wp-content\/uploads\/2020\/05\/Logo-La-Traves\u00eda-1024x1024.png\" class=\"attachment-large size-large\" alt=\"Restaurante Las Palmas\" srcset=\"https:\/\/travesiarestauracion.com\/wp-content\/uploads\/2020\/05\/Logo-La-Traves\u00eda-1024x1024.png 1024w, https:\/\/travesiarestauracion.com\/wp-content\/uploads\/2020\/05\/Logo-La-Traves\u00eda-300x300.png 300w, https:\/\/travesiarestauracion.com\/wp-content\/uploads\/2020\/05\/Logo-La-Traves\u00eda-150x150.png 150w, https:\/\/travesiarestauracion.com\/wp-content\/uploads\/2020\/05\/Logo-La-Traves\u00eda-768x768.png 768w, https:\/\/travesiarestauracion.com\/wp-content\/uploads\/2020\/05\/Logo-La-Traves\u00eda.png 1080w\" sizes=\"auto, (max-width: 1024px) 100vw, 1024px\" \/>\t\t\t\t\t\t\t\t\t\t\t\t\t\t<\/div>\n\t\t\t\t\t\t<\/div>\n\t\t\t\t<\/div>\n\t\t\t\t<div class=\"elementor-element elementor-element-3e7ecfb4 elementor-nav-menu__text-align-aside elementor-nav-menu--toggle elementor-nav-menu--burger elementor-widget elementor-widget-nav-menu\" data-id=\"3e7ecfb4\" data-element_type=\"widget\" data-settings=\"{&quot;layout&quot;:&quot;dropdown&quot;,&quot;submenu_icon&quot;:{&quot;value&quot;:&quot;fas fa-caret-down&quot;,&quot;library&quot;:&quot;fa-solid&quot;},&quot;toggle&quot;:&quot;burger&quot;}\" data-widget_type=\"nav-menu.default\">\n\t\t\t\t<div class=\"elementor-widget-container\">\n\t\t\t\t\t<div class=\"elementor-menu-toggle\" role=\"button\" tabindex=\"0\" aria-label=\"Menu Toggle\" aria-expanded=\"false\">\n\t\t\t<i class=\"eicon-menu-bar\" aria-hidden=\"true\" role=\"presentation\"><\/i>\n\t\t\t<span class=\"elementor-screen-only\">Menu<\/span>\n\t\t<\/div>\n\t\t\t<nav class=\"elementor-nav-menu--dropdown elementor-nav-menu__container\" role=\"navigation\" aria-hidden=\"true\"><ul id=\"menu-2-3e7ecfb4\" class=\"elementor-nav-menu\"><li class=\"menu-item menu-item-type-post_type menu-item-object-page menu-item-home menu-item-3878\"><a href=\"https:\/\/travesiarestauracion.com\/en\/\" class=\"elementor-item\" tabindex=\"-1\">Home<\/a><\/li>\n<li class=\"menu-item menu-item-type-post_type menu-item-object-page menu-item-3872\"><a href=\"https:\/\/travesiarestauracion.com\/en\/about-la-travesia\/\" class=\"elementor-item\" tabindex=\"-1\">About La Traves\u00eda<\/a><\/li>\n<li class=\"menu-item menu-item-type-post_type menu-item-object-page menu-item-has-children menu-item-3874\"><a href=\"https:\/\/travesiarestauracion.com\/en\/la-travesia-de-triana\/\" class=\"elementor-item\" tabindex=\"-1\">La Traves\u00eda de Triana<\/a>\n<ul class=\"sub-menu elementor-nav-menu--dropdown\">\n\t<li class=\"menu-item menu-item-type-post_type menu-item-object-page menu-item-5296\"><a href=\"https:\/\/travesiarestauracion.com\/en\/carta-triana\/\" class=\"elementor-sub-item\" tabindex=\"-1\">Menu<\/a><\/li>\n\t<li class=\"menu-item menu-item-type-post_type menu-item-object-page menu-item-5297\"><a href=\"https:\/\/travesiarestauracion.com\/en\/wine-3\/\" class=\"elementor-sub-item\" tabindex=\"-1\">Wine<\/a><\/li>\n<\/ul>\n<\/li>\n<li class=\"menu-item menu-item-type-post_type menu-item-object-page menu-item-has-children menu-item-3873\"><a href=\"https:\/\/travesiarestauracion.com\/en\/la-travesia-del-puerto\/\" class=\"elementor-item\" tabindex=\"-1\">La Traves\u00eda del Puerto<\/a>\n<ul class=\"sub-menu elementor-nav-menu--dropdown\">\n\t<li class=\"menu-item menu-item-type-post_type menu-item-object-page menu-item-5298\"><a href=\"https:\/\/travesiarestauracion.com\/en\/carta-puerto\/\" class=\"elementor-sub-item\" tabindex=\"-1\">Menu<\/a><\/li>\n\t<li class=\"menu-item menu-item-type-post_type menu-item-object-page menu-item-5299\"><a href=\"https:\/\/travesiarestauracion.com\/en\/wine-4\/\" class=\"elementor-sub-item\" tabindex=\"-1\">Wine<\/a><\/li>\n<\/ul>\n<\/li>\n<li class=\"menu-item wpml-ls-slot-7 wpml-ls-item wpml-ls-item-es wpml-ls-menu-item wpml-ls-first-item wpml-ls-last-item menu-item-type-wpml_ls_menu_item menu-item-object-wpml_ls_menu_item menu-item-wpml-ls-7-es\"><a href=\"https:\/\/travesiarestauracion.com\" class=\"elementor-item\" tabindex=\"-1\"><img decoding=\"async\"\n            class=\"wpml-ls-flag\"\n            src=\"https:\/\/travesiarestauracion.com\/wp-content\/plugins\/sitepress-multilingual-cms\/res\/flags\/es.png\"\n            alt=\"Spanish\"\n            \n            \n    \/><\/a><\/li>\n<\/ul><\/nav>\n\t\t\t\t<\/div>\n\t\t\t\t<\/div>\n\t\t\t\t\t\t<\/div>\n\t\t\t\t\t<\/div>\n\t\t<\/div>\n\t\t\t\t\t\t\t\t<\/div>\n\t\t\t\t\t<\/div>\n\t\t<\/section>\n\t\t\t\t<section class=\"elementor-section elementor-top-section elementor-element elementor-element-84af325 elementor-section-boxed elementor-section-height-default elementor-section-height-default\" data-id=\"84af325\" data-element_type=\"section\">\n\t\t\t\t\t\t<div class=\"elementor-container elementor-column-gap-default\">\n\t\t\t\t\t\t\t<div class=\"elementor-row\">\n\t\t\t\t\t<div class=\"elementor-column elementor-col-100 elementor-top-column elementor-element elementor-element-911f762\" data-id=\"911f762\" data-element_type=\"column\">\n\t\t\t<div class=\"elementor-column-wrap elementor-element-populated\">\n\t\t\t\t\t\t\t<div class=\"elementor-widget-wrap\">\n\t\t\t\t\t\t<div class=\"elementor-element elementor-element-c557f4d elementor-widget elementor-widget-text-editor\" data-id=\"c557f4d\" data-element_type=\"widget\" data-widget_type=\"text-editor.default\">\n\t\t\t\t<div class=\"elementor-widget-container\">\n\t\t\t\t\t\t\t\t<div class=\"elementor-text-editor elementor-clearfix\">\n\t\t\t\t\t<p>Aviso Legal<\/p>\n<ol>\n<li><b><\/b><b>AVISO LEGAL Y T\u00c9RMINOS DE USO<\/b><\/li>\n<\/ol>\n<p>Puedo garantizarte que te encuentras en un espacio 100 % seguro, para ello debes saber:<\/p>\n<p>La Traves\u00eda subraya que es una herramienta publicitaria para impulsar su portal web https:\/\/travesiarestauracion.com y son titularidad de la LA TRAVES\u00cdA RESTAURACI\u00d3N SL.<\/p>\n<p>1.1. DATOS IDENTIFICATIVOS DEL RESPONSABLE<\/p>\n<p>Tal y como recoge la normativa vigente, le informo que:<\/p>\n<\/p>\n<p>Mi denominaci\u00f3n social es: LA TRAVES\u00cdA RESTAURACI\u00d3N SL<\/p>\n<p>Mi domicilio social se encuentra en: Paseo de San Jos\u00e9, 29<\/p>\n<p>35015,<span class=\"Apple-converted-space\"> <\/span>Las Palmas de Gran Canaria, Las Palmas, Espa\u00f1a.<span class=\"Apple-converted-space\"> <\/span><\/p>\n<p>1.2. FINALIDAD DE LA P\u00c1GINA WEB.<\/p>\n<p>Los servicios prestados por el responsable de la p\u00e1gina web son los siguientes:<\/p>\n<p>Informar de nuestros servicios.<\/p>\n<p>1.3. USUARIOS:<\/p>\n<p>El acceso y\/o uso de este sitio web atribuye la condici\u00f3n de USUARIO, que acepta, desde dicho acceso y\/o uso, los presentes t\u00e9rminos de uso, no obstante, por el mero uso de la p\u00e1gina web no significa el inicio de relaci\u00f3n laboral\/comercial alguna.<\/p>\n<p>1.4. USO DEL SITIO WEB Y CAPTURA DE INFORMACI\u00d3N:<\/p>\n<p>1.4.1 USO DEL SITIO WEB<\/p>\n<p>La p\u00e1gina web https:\/\/travesiarestauracion.com en adelante (LA WEB) proporciona el acceso a art\u00edculos, informaciones, servicios y datos (en adelante, \u201clos contenidos\u201d) propiedad de LA TRAVES\u00cdA RESTAURACI\u00d3N SL El USUARIO asume la responsabilidad del uso de la web. <\/p>\n<p>El USUARIO se compromete a hacer un uso adecuado de los contenidos que ofrece a trav\u00e9s de su web y con car\u00e1cter enunciativo pero no limitativo, a no emplearlos para:<\/p>\n<p>(a) incurrir en actividades il\u00edcitas, ilegales o contrarias a la buena fe y al orden p\u00fablico;<\/p>\n<p>(b) difundir contenidos o propaganda de car\u00e1cter racista, xen\u00f3fobo, pornogr\u00e1fico-ilegal, de apolog\u00eda del terrorismo o atentatorio contra los derechos humanos;<\/p>\n<p>(c) provocar da\u00f1os en los sistemas f\u00edsicos y l\u00f3gicos de la web, de sus proveedores o de terceras personas, introducir o difundir en la red virus inform\u00e1ticos o cualesquiera otros sistemas f\u00edsicos o l\u00f3gicos que sean susceptibles de provocar los da\u00f1os anteriormente mencionados;<\/p>\n<p>(d) intentar acceder y, en su caso, utilizar las cuentas de correo electr\u00f3nico de otros usuarios y modificar o manipular sus mensajes.<\/p>\n<\/p>\n<p>LA TRAVES\u00cdA RESTAURACI\u00d3N SL. se reserva el derecho de retirar todos aquellos comentarios y aportaciones que vulneren el respeto a la dignidad de la persona, que sean discriminatorios, xen\u00f3fobos, racistas, pornogr\u00e1ficos, que atenten contra la juventud o la infancia, el orden o la seguridad p\u00fablica o que, a su juicio, no resultaran adecuados para su publicaci\u00f3n.<\/p>\n<\/p>\n<p>En cualquier caso, LA TRAVES\u00cdA RESTAURACI\u00d3N SL no ser\u00e1 responsable de las opiniones vertidas por los usuarios a trav\u00e9s del blog u otras herramientas de participaci\u00f3n que puedan crearse, conforme a lo previsto en la normativa de aplicaci\u00f3n.<\/p>\n<ol start=\"2\">\n<li><b><\/b><b>PROPIEDAD INTELECTUAL E INDUSTRIAL:<\/b><\/li>\n<\/ol>\n<p>LA TRAVES\u00cdA RESTAURACI\u00d3N SL por s\u00ed o como cesionario, es titular de todos los derechos de propiedad intelectual e industrial de su p\u00e1gina web, as\u00ed como de los elementos contenidos en la misma (a t\u00edtulo enunciativo, im\u00e1genes, sonido, audio, v\u00eddeo, software o textos; marcas o logotipos, combinaciones de colores, estructura y dise\u00f1o, selecci\u00f3n de materiales usados, programas de ordenador necesarios para su funcionamiento, acceso y uso, etc.), titularidad de LA TRAVES\u00cdA RESTAURACI\u00d3N SL o bien de sus licenciantes. Todos los derechos reservados.<\/p>\n<p>Cualquier uso no autorizado previamente por LA TRAVES\u00cdA RESTAURACI\u00d3N SL. ser\u00e1 considerado un incumplimiento grave de los derechos de propiedad intelectual o industrial del autor.<\/p>\n<p>Quedan expresamente prohibidas la reproducci\u00f3n, la distribuci\u00f3n y la comunicaci\u00f3n p\u00fablica, incluida su modalidad de puesta a disposici\u00f3n, de la totalidad o parte de los contenidos de esta p\u00e1gina web, con fines comerciales, en cualquier soporte y por cualquier medio t\u00e9cnico, sin la autorizaci\u00f3n de LA TRAVES\u00cdA RESTAURACI\u00d3N SL.<\/p>\n<p>El USUARIO se compromete a respetar los derechos de Propiedad Intelectual e Industrial titularidad de LA TRAVES\u00cdA RESTAURACI\u00d3N SL Podr\u00e1 visualizar \u00fanicamente los elementos de la web sin posibilidad de imprimirlos, copiarlos o almacenarlos en el disco duro de su ordenador o en cualquier otro soporte f\u00edsico. El USUARIO deber\u00e1 abstenerse de suprimir, alterar, eludir o manipular cualquier dispositivo de protecci\u00f3n o sistema de seguridad que estuviera instalado en las p\u00e1ginas de LA TRAVES\u00cdA RESTAURACI\u00d3N SL<\/p>\n<p>Queda terminantemente prohibido compartir la licencia para uso con m\u00e1s personas, cada licencia es personal e intransferible reserv\u00e1ndonos cuantas acciones civiles y penales nos asistan en aras de salvaguardar nuestros derechos, todo ello bajo apercibimiento de incurrir en un delito contra la propiedad intelectual.<\/p>\n<ol start=\"3\">\n<li><b><\/b><b>EXCLUSI\u00d3N DE GARANT\u00cdAS Y RESPONSABILIDAD<\/b><\/li>\n<\/ol>\n<p>LA TRAVES\u00cdA RESTAURACI\u00d3N SL no se hace responsable, en ning\u00fan caso, de los da\u00f1os y perjuicios de cualquier naturaleza que pudieran ocasionar, a t\u00edtulo enunciativo: por errores u omisiones en los contenidos, por falta de disponibilidad del sitio web, \u2013 el cual realizar\u00e1 paradas peri\u00f3dicas por mantenimientos t\u00e9cnicos \u2013 as\u00ed como por la transmisi\u00f3n de virus o programas maliciosos o lesivos en los contenidos, a pesar de haber adoptado todas las medidas tecnol\u00f3gicas necesarias para evitarlo.<\/p>\n<ol start=\"4\">\n<li><b><\/b><b>MODIFICACIONES<\/b><\/li>\n<\/ol>\n<p>LA TRAVES\u00cdA RESTAURACI\u00d3N SL se reserva el derecho de efectuar sin previo aviso las modificaciones que considere oportunas en su web, pudiendo cambiar, suprimir o a\u00f1adir tanto los contenidos y servicios que se presten a trav\u00e9s de la misma como la forma en la que \u00e9stos aparezcan presentados o localizados en su web.<\/p>\n<ol start=\"5\">\n<li><b><\/b><b>POL\u00cdTICA DE ENLACES<\/b><\/li>\n<\/ol>\n<p>Las personas o entidades que pretendan realizar o realicen un hiperenlace desde una p\u00e1gina web de otro portal de Internet a la web de LA TRAVES\u00cdA RESTAURACI\u00d3N SL.. deber\u00e1 someterse las siguientes condiciones:<\/p>\n<p>No se permite la reproducci\u00f3n total o parcial de ninguno de los servicios ni contenidos del sitio web sin la previa autorizaci\u00f3n expresa de LA TRAVES\u00cdA RESTAURACI\u00d3N SL<\/p>\n<p>No se establecer\u00e1n deep-links ni enlaces IMG o de imagen, ni frames con la web de LA TRAVES\u00cdA RESTAURACI\u00d3N SL sin su previa autorizaci\u00f3n expresa.<\/p>\n<p>No se establecer\u00e1 ninguna manifestaci\u00f3n falsa, inexacta o incorrecta sobre la web de LA TRAVES\u00cdA RESTAURACI\u00d3N SL ni sobre los servicios o contenidos de la misma.<span class=\"Apple-converted-space\"> <\/span><\/p>\n<p>Salvo aquellos signos que formen parte del hiperv\u00ednculo, la p\u00e1gina web en la que se establezca no contendr\u00e1 ninguna marca, nombre comercial, r\u00f3tulo de establecimiento, denominaci\u00f3n, logotipo, eslogan u otros signos distintivos pertenecientes a LA TRAVES\u00cdA RESTAURACI\u00d3N SL, salvo autorizaci\u00f3n expresa de \u00e9ste.<\/p>\n<p>El establecimiento del hiperv\u00ednculo no implicar\u00e1 la existencia de relaciones entre LA TRAVES\u00cdA RESTAURACI\u00d3N SL y el titular de la p\u00e1gina web o del portal desde el cual se realice, ni el conocimiento y aceptaci\u00f3n de LA TRAVES\u00cdA RESTAURACI\u00d3N SL de los servicios y contenidos ofrecidos en dicha p\u00e1gina web o portal.<\/p>\n<p>LA TRAVES\u00cdA RESTAURACI\u00d3N SL no ser\u00e1 responsable de los contenidos o servicios puestos a disposici\u00f3n del p\u00fablico en la p\u00e1gina web o portal desde el cual se realice el hiperv\u00ednculo, ni de las informaciones y manifestaciones incluidas en los mismos.<\/p>\n<p>El sitio web de LA TRAVES\u00cdA RESTAURACI\u00d3N SL puede poner a disposici\u00f3n del usuario conexiones y enlaces a otros sitios web gestionados y controlados por terceros. Dichos enlaces tienen como exclusiva funci\u00f3n, la de facilitar a los usuarios la b\u00fasqueda de informaci\u00f3n, contenidos y servicios en Internet, sin que en ning\u00fan caso pueda considerarse una sugerencia, recomendaci\u00f3n o invitaci\u00f3n para la visita de los mismos.<\/p>\n<p>LA TRAVES\u00cdA RESTAURACI\u00d3N SL no comercializa, ni dirige, ni controla previamente, ni hace propios los contenidos, servicios, informaciones y manifestaciones disponibles en dichos sitios web.<\/p>\n<p>LA TRAVES\u00cdA RESTAURACI\u00d3N SL no asume ning\u00fan tipo de responsabilidad, ni siquiera de forma indirecta o subsidiaria, por los da\u00f1os y perjuicios de toda clase que pudieran derivarse del acceso, mantenimiento, uso, calidad, licitud, fiabilidad y utilidad de los contenidos, informaciones, comunicaciones, opiniones, manifestaciones, productos y servicios existentes u ofrecidos en los sitios web no gestionados por LA TRAVES\u00cdA RESTAURACI\u00d3N SL y que resulten accesibles a trav\u00e9s de LA TRAVES\u00cdA RESTAURACI\u00d3N SL.<\/p>\n<ol start=\"6\">\n<li><b><\/b><b>DERECHO DE EXCLUSI\u00d3N<\/b><\/li>\n<\/ol>\n<p>LA TRAVES\u00cdA RESTAURACI\u00d3N SL se reserva el derecho a denegar o retirar el acceso al portal y\/o los servicios ofrecidos sin necesidad de preaviso, a instancia propia o de un tercero, a aquellos usuarios que incumplan las presentes Condiciones Generales de Uso.<\/p>\n<ol start=\"7\">\n<li><b><\/b><b>GENERALIDADES<\/b><\/li>\n<\/ol>\n<p>LA TRAVES\u00cdA RESTAURACI\u00d3N SL perseguir\u00e1 el incumplimiento de las presentes condiciones as\u00ed como cualquier utilizaci\u00f3n indebida de su web ejerciendo todas las acciones civiles y penales que le puedan corresponder en derecho.<\/p>\n<ol start=\"8\">\n<li><b><\/b><b>MODIFICACI\u00d3N DE LAS PRESENTES CONDICIONES Y DURACI\u00d3N<\/b><\/li>\n<\/ol>\n<p>LA TRAVES\u00cdA RESTAURACI\u00d3N SL. podr\u00e1 modificar en cualquier momento las condiciones aqu\u00ed determinadas, siendo debidamente publicadas como aqu\u00ed aparecen. La vigencia de las citadas condiciones ir\u00e1 en funci\u00f3n de su exposici\u00f3n y estar\u00e1n vigentes hasta que sean modificadas por otras debidamente publicadas.<\/p>\n<ol start=\"9\">\n<li><b><\/b><b>RECLAMACIONES Y DUDAS<\/b><\/li>\n<\/ol>\n<p>LA TRAVES\u00cdA RESTAURACI\u00d3N SL. informa que existen hojas de reclamaci\u00f3n a disposici\u00f3n de usuarios y clientes pudiendo remitir un correo postal dirigido a:<span class=\"Apple-converted-space\">  <\/span>Avenida del Archipi\u00e9lago Canario, no2, bis. 35106, San Bartolom\u00e9 de Tirajana, Las Palmas, Espa\u00f1a.<span class=\"Apple-converted-space\"> <\/span><\/p>\n\t\t\t\t\t<\/div>\n\t\t\t\t\t\t<\/div>\n\t\t\t\t<\/div>\n\t\t\t\t\t\t<\/div>\n\t\t\t\t\t<\/div>\n\t\t<\/div>\n\t\t\t\t\t\t\t\t<\/div>\n\t\t\t\t\t<\/div>\n\t\t<\/section>\n\t\t\t\t\t\t<\/div>\n\t\t\t\t\t\t<\/div>\n\t\t\t\t\t<\/div>\n\t\t","protected":false},"excerpt":{"rendered":"<p>Aviso Legal AVISO LEGAL Y T\u00c9RMINOS DE USO Puedo garantizarte que te encuentras en un espacio 100 % seguro, para ello debes saber: La Traves\u00eda subraya que es una herramienta publicitaria para impulsar su portal web https:\/\/travesiarestauracion.com y son titularidad de la LA TRAVES\u00cdA RESTAURACI\u00d3N SL. 1.1. DATOS IDENTIFICATIVOS DEL RESPONSABLE Tal y como recoge &hellip;<\/p>\n<p class=\"read-more\"> <a class=\"\" href=\"https:\/\/travesiarestauracion.com\/en\/aviso-legal\/\"> <span class=\"screen-reader-text\">Aviso Legal<\/span> Read More &raquo;<\/a><\/p>\n","protected":false},"author":2,"featured_media":0,"parent":0,"menu_order":0,"comment_status":"closed","ping_status":"closed","template":"","meta":{"footnotes":""},"class_list":["post-3837","page","type-page","status-publish","hentry"],"_links":{"self":[{"href":"https:\/\/travesiarestauracion.com\/en\/wp-json\/wp\/v2\/pages\/3837","targetHints":{"allow":["GET"]}}],"collection":[{"href":"https:\/\/travesiarestauracion.com\/en\/wp-json\/wp\/v2\/pages"}],"about":[{"href":"https:\/\/travesiarestauracion.com\/en\/wp-json\/wp\/v2\/types\/page"}],"author":[{"embeddable":true,"href":"https:\/\/travesiarestauracion.com\/en\/wp-json\/wp\/v2\/users\/2"}],"replies":[{"embeddable":true,"href":"https:\/\/travesiarestauracion.com\/en\/wp-json\/wp\/v2\/comments?post=3837"}],"version-history":[{"count":6,"href":"https:\/\/travesiarestauracion.com\/en\/wp-json\/wp\/v2\/pages\/3837\/revisions"}],"predecessor-version":[{"id":4841,"href":"https:\/\/travesiarestauracion.com\/en\/wp-json\/wp\/v2\/pages\/3837\/revisions\/4841"}],"wp:attachment":[{"href":"https:\/\/travesiarestauracion.com\/en\/wp-json\/wp\/v2\/media?parent=3837"}],"curies":[{"name":"wp","href":"https:\/\/api.w.org\/{rel}","templated":true}]}}